{"id":17,"date":"2020-02-10T03:43:41","date_gmt":"2020-02-09T18:43:41","guid":{"rendered":"http:\/\/can-tape.com\/sample\/wp3\/?page_id=17"},"modified":"2020-11-15T06:13:15","modified_gmt":"2020-11-14T21:13:15","slug":"contact","status":"publish","type":"page","link":"https:\/\/can-tape.com\/sample\/wp3\/contact\/","title":{"rendered":"CONTACT"},"content":{"rendered":"<br \/>\n<section id=\"sec01\">\n<header>\n<h2><span>CONTACT<\/span><\/h2>\n<\/header>\n<div class=\"innerS\">\n\t\t\t\t\t\u30db\u30fc\u30e0\u30da\u30fc\u30b8\u30b5\u30f3\u30d7\u30eb\u682a\u5f0f\u4f1a\u793e\u3067\u306f\u6700\u65b0\u6280\u8853\u3068\u81ea\u7136\u3068\u306e\u8abf\u548c\u3092\u76ee\u6307\u3057\u307e\u3059\u3002\u9769\u65b0\u7684\u306a\u6280\u8853\u3067\u4e16\u306e\u4e2d\u3092\u52d5\u304b\u3059\u4f01\u696d\u3092\u76ee\u6307\u3057\u307e\u3059\u3002\u30db\u30fc\u30e0\u30da\u30fc\u30b8\u30b5\u30f3\u30d7\u30eb\u682a\u5f0f\u4f1a\u793e\u3002\u30db\u30fc\u30e0\u30da\u30fc\u30b8\u30b5\u30f3\u30d7\u30eb\u682a\u5f0f\u4f1a\u793e\u3067\u306f\u6700\u65b0\u6280\u8853\u3068\u81ea\u7136\u3068\u306e\u8abf\u548c\u3092\u76ee\u306a\u6280\u8853\u3067\u4e16\u306e\u4e2d\u3092\u52d5\u304b\u3059\u4f01\u696d\u3092\u76ee\u6307\u3057\u307e\u3059\u3002\u30db\u30fc\u30e0\u30da\u30fc\u30b8\u30b5\u30f3\u30d7\u30eb\u682a\u5f0f\u4f1a\u793e\u3067\u306f\u6700\u65b0\u6280\u8853\u3068\u81ea\u7136\u3068\u306e\u8abf\u548c\u3092\u76ee\u6307\u3057\u307e\u3059\u3002\u9769\u65b0\u7684\u306a\u6280\u8853\u3067\u4e16\u306e\u4e2d\u3092\u52d5\u304b\u3059\u4f01\u696d\u3092\u76ee\u6307\u3057\u307e\u3059\u3002<\/p>\n<p>\u3000<\/p>\n<div role=\"form\" class=\"wpcf7\" id=\"wpcf7-f16-o1\" lang=\"ja\" dir=\"ltr\">\n<div class=\"screen-reader-response\"><\/div>\n<form action=\"\/sample\/wp3\/wp-json\/wp\/v2\/pages\/17#wpcf7-f16-o1\" method=\"post\" class=\"wpcf7-form\" novalidate=\"novalidate\">\n<div style=\"display: none;\">\n<input type=\"hidden\" name=\"_wpcf7\" value=\"16\" \/>\n<input type=\"hidden\" name=\"_wpcf7_version\" value=\"5.1.6\" \/>\n<input type=\"hidden\" name=\"_wpcf7_locale\" value=\"ja\" \/>\n<input type=\"hidden\" name=\"_wpcf7_unit_tag\" value=\"wpcf7-f16-o1\" \/>\n<input type=\"hidden\" name=\"_wpcf7_container_post\" value=\"0\" \/>\n<\/div>\n<table class=\"table table-bordered table-striped table-contactform7\">\n<tr>\n<th><span class=\"required-contactform7\">\u5fc5\u9808<\/span><span class=\"title-contactform7\">\u304a\u540d\u524d<\/span><\/th>\n<td><span class=\"wpcf7-form-control-wrap your-name\"><input type=\"text\" name=\"your-name\" value=\"\" size=\"40\" class=\"wpcf7-form-control wpcf7-text wpcf7-validates-as-required\" aria-required=\"true\" aria-invalid=\"false\" placeholder=\"\u4f8b\uff1a\u5c71\u7530\u3000\u592a\u90ce\" \/><\/span> <\/td>\n<\/tr>\n<tr>\n<th><span class=\"required-contactform7\">\u5fc5\u9808<\/span><span class=\"title-contactform7\">\u30e1\u30fc\u30eb\u30a2\u30c9\u30ec\u30b9<\/span><\/th>\n<td><span class=\"wpcf7-form-control-wrap your-email\"><input type=\"email\" name=\"your-email\" value=\"\" size=\"40\" class=\"wpcf7-form-control wpcf7-text wpcf7-email wpcf7-validates-as-required wpcf7-validates-as-email\" aria-required=\"true\" aria-invalid=\"false\" placeholder=\"\u4f8b\uff1a\u00d7\u00d7\u00d7@\u00d7\u00d7\u00d7.com\" \/><\/span><\/td>\n<\/tr>\n<tr>\n<th><span class=\"title-contactform7\">\u90f5\u4fbf\u756a\u53f7<\/span><\/th>\n<td><span class=\"wpcf7-form-control-wrap zip\"><input type=\"text\" name=\"zip\" value=\"\" size=\"40\" class=\"wpcf7-form-control wpcf7-text\" id=\"zip\" aria-invalid=\"false\" placeholder=\"\u4f8b\uff1a557-0014\" \/><\/span> <\/td>\n<\/tr>\n<tr>\n<th><span class=\"title-contactform7\">\u90fd\u9053\u5e9c\u770c<\/span><\/th>\n<td><span class=\"wpcf7-form-control-wrap pref\"><input type=\"text\" name=\"pref\" value=\"\" size=\"40\" class=\"wpcf7-form-control wpcf7-text\" id=\"pref\" aria-invalid=\"false\" placeholder=\"\u4f8b\uff1a\u5927\u962a\u5e9c\" \/><\/span><\/td>\n<\/tr>\n<tr>\n<th><span class=\"title-contactform7\">\u3054\u4f4f\u6240<\/span><\/th>\n<td class=\"address-100\"><span class=\"wpcf7-form-control-wrap addr\"><input type=\"text\" name=\"addr\" value=\"\" size=\"40\" class=\"wpcf7-form-control wpcf7-text\" id=\"addr\" aria-invalid=\"false\" placeholder=\"\u4f8b\uff1a\u5927\u962a\u5e02\" \/><\/span><\/td>\n<\/tr>\n<tr>\n<th><span class=\"title-contactform7\">\u304a\u96fb\u8a71\u756a\u53f7<\/span><\/th>\n<td><span class=\"wpcf7-form-control-wrap text-17\"><input type=\"text\" name=\"text-17\" value=\"\" size=\"40\" class=\"wpcf7-form-control wpcf7-text\" aria-invalid=\"false\" placeholder=\"\u4f8b\uff1a0120-00-0000\" \/><\/span><\/td>\n<\/tr>\n<tr>\n<th><span class=\"required-contactform7\">\u5fc5\u9808<\/span><span class=\"title-contactform7\">\u30e1\u30c3\u30bb\u30fc\u30b8\u672c\u6587<\/span><\/th>\n<td class=\"message-100\"><span class=\"wpcf7-form-control-wrap your-message\"><textarea name=\"your-message\" cols=\"40\" rows=\"10\" class=\"wpcf7-form-control wpcf7-textarea wpcf7-validates-as-required\" aria-required=\"true\" aria-invalid=\"false\" placeholder=\"\u304a\u554f\u3044\u5408\u308f\u305b\u3054\u7528\u4ef6\u306a\u3069\"><\/textarea><\/span><\/td>\n<\/tr>\n<\/table>\n<p class=\"text-xs-center\"><input type=\"submit\" value=\"\u9001\u4fe1\u3059\u308b\" class=\"wpcf7-form-control wpcf7-submit btn btn-success btn-lg\" \/><\/p>\n<div class=\"wpcf7-response-output wpcf7-display-none\"><\/div><\/form><\/div><\/div>\n<\/section>\n","protected":false},"excerpt":{"rendered":"<p>CONTACT \u30db\u30fc\u30e0\u30da\u30fc\u30b8\u30b5\u30f3\u30d7\u30eb\u682a\u5f0f\u4f1a\u793e\u3067\u306f\u6700\u65b0\u6280\u8853\u3068\u81ea\u7136\u3068\u306e\u8abf\u548c\u3092\u76ee\u6307\u3057\u307e\u3059\u3002\u9769\u65b0\u7684\u306a\u6280\u8853\u3067\u4e16\u306e\u4e2d\u3092\u52d5\u304b\u3059\u4f01\u696d\u3092\u76ee\u6307\u3057\u307e\u3059\u3002\u30db\u30fc\u30e0\u30da\u30fc\u30b8\u30b5\u30f3\u30d7\u30eb\u682a\u5f0f\u4f1a\u793e\u3002\u30db\u30fc\u30e0\u30da\u30fc\u30b8\u30b5\u30f3\u30d7\u30eb\u682a\u5f0f\u4f1a\u793e\u3067\u306f\u6700\u65b0\u6280\u8853\u3068\u81ea\u7136\u3068\u306e\u8abf\u548c\u3092\u76ee\u306a [&hellip;]<\/p>\n","protected":false},"author":1,"featured_media":0,"parent":0,"menu_order":0,"comment_status":"closed","ping_status":"closed","template":"page-wide.php","meta":[],"_links":{"self":[{"href":"https:\/\/can-tape.com\/sample\/wp3\/wp-json\/wp\/v2\/pages\/17"}],"collection":[{"href":"https:\/\/can-tape.com\/sample\/wp3\/wp-json\/wp\/v2\/pages"}],"about":[{"href":"https:\/\/can-tape.com\/sample\/wp3\/wp-json\/wp\/v2\/types\/page"}],"author":[{"embeddable":true,"href":"https:\/\/can-tape.com\/sample\/wp3\/wp-json\/wp\/v2\/users\/1"}],"replies":[{"embeddable":true,"href":"https:\/\/can-tape.com\/sample\/wp3\/wp-json\/wp\/v2\/comments?post=17"}],"version-history":[{"count":7,"href":"https:\/\/can-tape.com\/sample\/wp3\/wp-json\/wp\/v2\/pages\/17\/revisions"}],"predecessor-version":[{"id":162,"href":"https:\/\/can-tape.com\/sample\/wp3\/wp-json\/wp\/v2\/pages\/17\/revisions\/162"}],"wp:attachment":[{"href":"https:\/\/can-tape.com\/sample\/wp3\/wp-json\/wp\/v2\/media?parent=17"}],"curies":[{"name":"wp","href":"https:\/\/api.w.org\/{rel}","templated":true}]}}